{"id":3074,"date":"2026-04-13T10:37:04","date_gmt":"2026-04-13T08:37:04","guid":{"rendered":"https:\/\/www.franstorp.com\/?page_id=3074"},"modified":"2026-04-13T10:37:04","modified_gmt":"2026-04-13T08:37:04","slug":"lamna-synpunkter-eller-klagomal","status":"publish","type":"page","link":"https:\/\/www.franstorp.com\/?page_id=3074","title":{"rendered":"L\u00e4mna synpunkter eller klagom\u00e5l"},"content":{"rendered":"<p><strong>P\u00e5 Franstorps verkst\u00e4der vill vi att alla ska k\u00e4nna sig trygga och lyssnade p\u00e5.<\/strong><\/p>\n<p>H\u00e4r kan du l\u00e4mna klagom\u00e5l, synpunkter, f\u00f6rslag eller ber\u00f6m.<\/p>\n<p>Du kan vara anonym. Om du l\u00e4mnar kontaktuppgifter kan vi h\u00f6ra av oss till dig.<\/p>\n<style id=\"wpforms-css-vars-3069\">\n\t\t\t\t#wpforms-3069 {\n\t\t\t\t--wpforms-container-padding: 0px;\n--wpforms-container-border-width: 1px;\n--wpforms-container-border-radius: 3px;\n--wpforms-background-color: rgba(0, 0, 0, 0);\n--wpforms-field-size-input-height: 43px;\n--wpforms-field-size-input-spacing: 15px;\n--wpforms-field-size-font-size: 16px;\n--wpforms-field-size-line-height: 19px;\n--wpforms-field-size-padding-h: 14px;\n--wpforms-field-size-checkbox-size: 16px;\n--wpforms-field-size-sublabel-spacing: 5px;\n--wpforms-field-size-icon-size: 1;\n--wpforms-label-size-font-size: 16px;\n--wpforms-label-size-line-height: 19px;\n--wpforms-label-size-sublabel-font-size: 14px;\n--wpforms-label-size-sublabel-line-height: 17px;\n--wpforms-button-size-font-size: 17px;\n--wpforms-button-size-height: 41px;\n--wpforms-button-size-padding-h: 15px;\n--wpforms-button-size-margin-top: 10px;\n--wpforms-container-shadow-size-box-shadow: none;\n\t\t\t}\n\t\t\t<\/style><div class=\"wpforms-container wpforms-container-full wpforms-render-modern\" id=\"wpforms-3069\"><form id=\"wpforms-form-3069\" class=\"wpforms-validate wpforms-form wpforms-ajax-form\" data-formid=\"3069\" method=\"post\" enctype=\"multipart\/form-data\" action=\"\/index.php?rest_route=%2Fwp%2Fv2%2Fpages%2F3074\" data-token=\"a315082f137fc2df52ff96cd72e1366c\" data-token-time=\"1776292025\"><noscript class=\"wpforms-error-noscript\">Aktivera JavaScript i din webbl\u00e4sare f\u00f6r att fylla i formul\u00e4ret.<\/noscript><div id=\"wpforms-error-noscript\" style=\"display: none;\">Aktivera JavaScript i din webbl\u00e4sare f\u00f6r att fylla i formul\u00e4ret.<\/div><div class=\"wpforms-field-container\">\t\t<div id=\"wpforms-3069-field_5-container\"\n\t\t\tclass=\"wpforms-field wpforms-field-text\"\n\t\t\tdata-field-type=\"text\"\n\t\t\tdata-field-id=\"5\"\n\t\t\t>\n\t\t\t<label class=\"wpforms-field-label\" for=\"wpforms-3069-field_5\" >Ber\u00e4tta vill du<\/label>\n\t\t\t<input type=\"text\" id=\"wpforms-3069-field_5\" class=\"wpforms-field-medium\" name=\"wpforms[fields][5]\" >\n\t\t<\/div>\n\t\t<div id=\"wpforms-3069-field_4-container\" class=\"wpforms-field wpforms-field-select wpforms-field-select-style-classic\" data-field-id=\"4\"><label class=\"wpforms-field-label\" for=\"wpforms-3069-field_4\">Vad vill du l\u00e4mna?<\/label><select id=\"wpforms-3069-field_4\" class=\"wpforms-field-medium\" name=\"wpforms[fields][4]\"><option value=\"F\u00f6rslag\"  class=\"choice-4 depth-1\"  >F\u00f6rslag<\/option><option value=\"Klagom\u00e5l\"  class=\"choice-3 depth-1\"  >Klagom\u00e5l<\/option><option value=\"Synpunkt\"  class=\"choice-2 depth-1\"  >Synpunkt<\/option><option value=\"Ber\u00f6m\"  class=\"choice-1 depth-1\"  >Ber\u00f6m<\/option><\/select><\/div><div id=\"wpforms-3069-field_1-container\" class=\"wpforms-field wpforms-field-name\" data-field-id=\"1\"><fieldset><legend class=\"wpforms-field-label\">Namn<\/legend><div class=\"wpforms-field-row wpforms-field-medium\"><div class=\"wpforms-field-row-block wpforms-first wpforms-one-half\"><input type=\"text\" id=\"wpforms-3069-field_1\" class=\"wpforms-field-name-first\" name=\"wpforms[fields][1][first]\" aria-errormessage=\"wpforms-3069-field_1-error\" ><label for=\"wpforms-3069-field_1\" class=\"wpforms-field-sublabel after\">F\u00f6rst<\/label><\/div><div class=\"wpforms-field-row-block wpforms-one-half\"><input type=\"text\" id=\"wpforms-3069-field_1-last\" class=\"wpforms-field-name-last\" name=\"wpforms[fields][1][last]\" aria-errormessage=\"wpforms-3069-field_1-last-error\" ><label for=\"wpforms-3069-field_1-last\" class=\"wpforms-field-sublabel after\">Sist<\/label><\/div><\/div><\/fieldset><\/div><div id=\"wpforms-3069-field_2-container\" class=\"wpforms-field wpforms-field-email\" data-field-id=\"2\"><label class=\"wpforms-field-label\" for=\"wpforms-3069-field_2\">E-post<\/label><input type=\"email\" id=\"wpforms-3069-field_2\" class=\"wpforms-field-medium\" name=\"wpforms[fields][2]\" spellcheck=\"false\" aria-errormessage=\"wpforms-3069-field_2-error\" ><\/div><div id=\"wpforms-3069-field_3-container\" class=\"wpforms-field wpforms-field-textarea\" data-field-id=\"3\"><label class=\"wpforms-field-label\" for=\"wpforms-3069-field_3\">Ber\u00e4tta vad du vill s\u00e4ga<\/label><textarea id=\"wpforms-3069-field_3\" class=\"wpforms-field-medium\" name=\"wpforms[fields][3]\" aria-errormessage=\"wpforms-3069-field_3-error\" ><\/textarea><\/div><script>\n\t\t\t\t( function() {\n\t\t\t\t\tconst style = document.createElement( 'style' );\n\t\t\t\t\tstyle.appendChild( document.createTextNode( '#wpforms-3069-field_5-container { position: absolute !important; overflow: hidden !important; display: inline !important; height: 1px !important; width: 1px !important; z-index: -1000 !important; padding: 0 !important; } #wpforms-3069-field_5-container input { visibility: hidden; } #wpforms-conversational-form-page #wpforms-3069-field_5-container label { counter-increment: none; }' ) );\n\t\t\t\t\tdocument.head.appendChild( style );\n\t\t\t\t\tdocument.currentScript?.remove();\n\t\t\t\t} )();\n\t\t\t<\/script><\/div><!-- .wpforms-field-container --><div class=\"wpforms-submit-container\" ><input type=\"hidden\" name=\"wpforms[id]\" value=\"3069\"><input type=\"hidden\" name=\"page_title\" value=\"\"><input type=\"hidden\" name=\"page_url\" value=\"https:\/\/www.franstorp.com\/index.php?rest_route=\/wp\/v2\/pages\/3074\"><input type=\"hidden\" name=\"url_referer\" value=\"\"><button type=\"submit\" name=\"wpforms[submit]\" id=\"wpforms-submit-3069\" class=\"wpforms-submit\" data-alt-text=\"Skickar \u2026\" data-submit-text=\"Skicka in\" aria-live=\"assertive\" value=\"wpforms-submit\">Skicka in<\/button><img decoding=\"async\" data-src=\"https:\/\/www.franstorp.com\/wp-content\/plugins\/wpforms-lite\/assets\/images\/submit-spin.svg\" class=\"wpforms-submit-spinner lazyload\" style=\"--smush-placeholder-width: 26px; --smush-placeholder-aspect-ratio: 26\/26;display: none;\" width=\"26\" height=\"26\" alt=\"Laddar\" src=\"data:image\/gif;base64,R0lGODlhAQABAAAAACH5BAEKAAEALAAAAAABAAEAAAICTAEAOw==\"><\/div><\/form><\/div>  <!-- .wpforms-container -->\n","protected":false},"excerpt":{"rendered":"<p>P\u00e5 Franstorps verkst\u00e4der vill vi att alla ska k\u00e4nna sig trygga och lyssnade p\u00e5. H\u00e4r kan du l\u00e4mna klagom\u00e5l, synpunkter, f\u00f6rslag eller ber\u00f6m. Du kan vara anonym. Om du l\u00e4mnar<\/p>\n","protected":false},"author":4,"featured_media":0,"parent":0,"menu_order":0,"comment_status":"closed","ping_status":"closed","template":"","meta":{"ngg_post_thumbnail":0,"footnotes":""},"class_list":["post-3074","page","type-page","status-publish","hentry"],"_links":{"self":[{"href":"https:\/\/www.franstorp.com\/index.php?rest_route=\/wp\/v2\/pages\/3074","targetHints":{"allow":["GET"]}}],"collection":[{"href":"https:\/\/www.franstorp.com\/index.php?rest_route=\/wp\/v2\/pages"}],"about":[{"href":"https:\/\/www.franstorp.com\/index.php?rest_route=\/wp\/v2\/types\/page"}],"author":[{"embeddable":true,"href":"https:\/\/www.franstorp.com\/index.php?rest_route=\/wp\/v2\/users\/4"}],"replies":[{"embeddable":true,"href":"https:\/\/www.franstorp.com\/index.php?rest_route=%2Fwp%2Fv2%2Fcomments&post=3074"}],"version-history":[{"count":1,"href":"https:\/\/www.franstorp.com\/index.php?rest_route=\/wp\/v2\/pages\/3074\/revisions"}],"predecessor-version":[{"id":3076,"href":"https:\/\/www.franstorp.com\/index.php?rest_route=\/wp\/v2\/pages\/3074\/revisions\/3076"}],"wp:attachment":[{"href":"https:\/\/www.franstorp.com\/index.php?rest_route=%2Fwp%2Fv2%2Fmedia&parent=3074"}],"curies":[{"name":"wp","href":"https:\/\/api.w.org\/{rel}","templated":true}]}}