{"id":9,"date":"2015-12-08T12:38:27","date_gmt":"2015-12-08T11:38:27","guid":{"rendered":"http:\/\/franstorp.com\/?page_id=9"},"modified":"2026-04-13T12:19:08","modified_gmt":"2026-04-13T10:19:08","slug":"kontakt","status":"publish","type":"page","link":"http:\/\/www.franstorp.com\/?page_id=9","title":{"rendered":"Kontakt"},"content":{"rendered":"\t\t<div data-elementor-type=\"wp-page\" data-elementor-id=\"9\" class=\"elementor elementor-9\">\n\t\t\t\t<div class=\"elementor-element elementor-element-6fdf1d00 e-flex e-con-boxed e-con e-parent\" data-id=\"6fdf1d00\" data-element_type=\"container\">\n\t\t\t\t\t<div class=\"e-con-inner\">\n\t\t\t\t<div class=\"elementor-element elementor-element-516c7e6e elementor-widget elementor-widget-text-editor\" data-id=\"516c7e6e\" data-element_type=\"widget\" data-widget_type=\"text-editor.default\">\n\t\t\t\t\t\t\t\t\t<p><strong>Franstorps verkst\u00e4der ek. f\u00f6r.<br \/><\/strong>Org.nr: 769602-6132<br \/>R\u00e5stensgatan 15, 172 70 Sundbyberg<br \/>Telefon: 08-564 881 80.<br \/>E-post:info@franstorp.com<\/p><p><strong>Verksamhetsansvarig<\/strong><br \/>FinaSundqvist,<br \/>fina.sundqvist@franstorp.com<\/p><p><strong>Ekonomiansvarig<\/strong><br \/>Maria Borgstr\u00f6m,<br \/>ekonomi@franstorp.com<br \/>Telefon: 08-564 881 89.<\/p><p><strong>Studiebes\u00f6k<\/strong><br \/>Ring och prata med Elin Hidmark,<br \/>elin.hidmark@franstorp.com<\/p><p><strong>Direktnummer<\/strong><br \/>Snicken: 08-564 881 85<br \/>M\u00e5larsnick: 08-564 881 86<br \/>Bild &amp; Form: 08-564 881 83<br \/>Grafik och l\u00e4der: 08-564 881 84<br \/>Redaktionen: 08-564 881 82<\/p><p>Vill du l\u00e4mna synpunkter eller klagom\u00e5l?<\/p><p>\ud83d\udc49 <a href=\"https:\/\/www.franstorp.com\/?page_id=3074\">Klicka h\u00e4r f\u00f6r att komma till formul\u00e4ret<\/a><\/p>\t\t\t\t\t\t\t\t<\/div>\n\t\t\t\t\t<\/div>\n\t\t\t\t<\/div>\n\t\t\t\t<\/div>\n\t\t","protected":false},"excerpt":{"rendered":"<p>Franstorps verkst\u00e4der ek. f\u00f6r.Org.nr: 769602-6132R\u00e5stensgatan 15, 172 70 SundbybergTelefon: 08-564 881 80.E-post:info@franstorp.com VerksamhetsansvarigFinaSundqvist,fina.sundqvist@franstorp.com EkonomiansvarigMaria Borgstr\u00f6m,ekonomi@franstorp.comTelefon: 08-564 881 89. Studiebes\u00f6kRing och prata med Elin Hidmark,elin.hidmark@franstorp.com DirektnummerSnicken: 08-564 881 85M\u00e5larsnick: 08-564 881<\/p>\n","protected":false},"author":1,"featured_media":70,"parent":0,"menu_order":0,"comment_status":"closed","ping_status":"closed","template":"","meta":{"ngg_post_thumbnail":0,"footnotes":""},"class_list":["post-9","page","type-page","status-publish","has-post-thumbnail","hentry"],"_links":{"self":[{"href":"http:\/\/www.franstorp.com\/index.php?rest_route=\/wp\/v2\/pages\/9","targetHints":{"allow":["GET"]}}],"collection":[{"href":"http:\/\/www.franstorp.com\/index.php?rest_route=\/wp\/v2\/pages"}],"about":[{"href":"http:\/\/www.franstorp.com\/index.php?rest_route=\/wp\/v2\/types\/page"}],"author":[{"embeddable":true,"href":"http:\/\/www.franstorp.com\/index.php?rest_route=\/wp\/v2\/users\/1"}],"replies":[{"embeddable":true,"href":"http:\/\/www.franstorp.com\/index.php?rest_route=%2Fwp%2Fv2%2Fcomments&post=9"}],"version-history":[{"count":24,"href":"http:\/\/www.franstorp.com\/index.php?rest_route=\/wp\/v2\/pages\/9\/revisions"}],"predecessor-version":[{"id":3082,"href":"http:\/\/www.franstorp.com\/index.php?rest_route=\/wp\/v2\/pages\/9\/revisions\/3082"}],"wp:featuredmedia":[{"embeddable":true,"href":"http:\/\/www.franstorp.com\/index.php?rest_route=\/wp\/v2\/media\/70"}],"wp:attachment":[{"href":"http:\/\/www.franstorp.com\/index.php?rest_route=%2Fwp%2Fv2%2Fmedia&parent=9"}],"curies":[{"name":"wp","href":"https:\/\/api.w.org\/{rel}","templated":true}]}}