{"id":524,"date":"2016-03-02T12:29:03","date_gmt":"2016-03-02T11:29:03","guid":{"rendered":"http:\/\/franstorp.com\/?page_id=524"},"modified":"2026-04-16T13:50:15","modified_gmt":"2026-04-16T11:50:15","slug":"ovrig-verksamhet","status":"publish","type":"page","link":"http:\/\/www.franstorp.com\/?page_id=524","title":{"rendered":"\u00d6vrig verksamhet"},"content":{"rendered":"<p>Ut\u00f6ver arbetet i de fem grupperna s\u00e5 g\u00f6r vi en massa annat.<\/p>\n<figure id=\"attachment_526\" aria-describedby=\"caption-attachment-526\" style=\"width: 350px\" class=\"wp-caption alignleft\"><img fetchpriority=\"high\" decoding=\"async\" class=\"wp-image-526\" src=\"http:\/\/www.franstorp.com\/wp-content\/uploads\/2016\/01\/bowling.jpg\" alt=\"Bowling\" width=\"350\" height=\"350\" srcset=\"http:\/\/www.franstorp.com\/wp-content\/uploads\/2016\/01\/bowling.jpg 400w, http:\/\/www.franstorp.com\/wp-content\/uploads\/2016\/01\/bowling-150x150.jpg 150w, http:\/\/www.franstorp.com\/wp-content\/uploads\/2016\/01\/bowling-300x300.jpg 300w, http:\/\/www.franstorp.com\/wp-content\/uploads\/2016\/01\/bowling-160x160.jpg 160w, http:\/\/www.franstorp.com\/wp-content\/uploads\/2016\/01\/bowling-270x270.jpg 270w, http:\/\/www.franstorp.com\/wp-content\/uploads\/2016\/01\/bowling-230x230.jpg 230w\" sizes=\"(max-width: 350px) 100vw, 350px\" \/><figcaption id=\"caption-attachment-526\" class=\"wp-caption-text\">Varannan torsdag g\u00e5r de som vill till bowlinghallen.<\/figcaption><\/figure>\n<figure id=\"attachment_529\" aria-describedby=\"caption-attachment-529\" style=\"width: 350px\" class=\"wp-caption alignleft\"><img decoding=\"async\" class=\"wp-image-529 lazyload\" data-src=\"http:\/\/www.franstorp.com\/wp-content\/uploads\/2016\/01\/odling.jpg\" alt=\"Vi odlar blommor och gr\u00f6nsaker i v\u00e5ra odlingsl\u00e5dor.\" width=\"350\" height=\"350\" data-srcset=\"http:\/\/www.franstorp.com\/wp-content\/uploads\/2016\/01\/odling.jpg 400w, http:\/\/www.franstorp.com\/wp-content\/uploads\/2016\/01\/odling-150x150.jpg 150w, http:\/\/www.franstorp.com\/wp-content\/uploads\/2016\/01\/odling-300x300.jpg 300w, http:\/\/www.franstorp.com\/wp-content\/uploads\/2016\/01\/odling-160x160.jpg 160w, http:\/\/www.franstorp.com\/wp-content\/uploads\/2016\/01\/odling-270x270.jpg 270w, http:\/\/www.franstorp.com\/wp-content\/uploads\/2016\/01\/odling-230x230.jpg 230w\" data-sizes=\"(max-width: 350px) 100vw, 350px\" src=\"data:image\/gif;base64,R0lGODlhAQABAAAAACH5BAEKAAEALAAAAAABAAEAAAICTAEAOw==\" style=\"--smush-placeholder-width: 350px; --smush-placeholder-aspect-ratio: 350\/350;\" \/><figcaption id=\"caption-attachment-529\" class=\"wp-caption-text\">Vi odlar blommor och gr\u00f6nsaker i v\u00e5ra odlingsl\u00e5dor.<\/figcaption><\/figure>\n<figure id=\"attachment_533\" aria-describedby=\"caption-attachment-533\" style=\"width: 350px\" class=\"wp-caption alignleft\"><img decoding=\"async\" class=\"wp-image-533 lazyload\" data-src=\"http:\/\/www.franstorp.com\/wp-content\/uploads\/2016\/01\/resa.jpg\" alt=\"En g\u00e5ng om \u00e5ret g\u00f6r vi en utflykt med \u00f6vernattning, bad, dans, karaoke och annat kul.\" width=\"350\" height=\"350\" data-srcset=\"http:\/\/www.franstorp.com\/wp-content\/uploads\/2016\/01\/resa.jpg 400w, http:\/\/www.franstorp.com\/wp-content\/uploads\/2016\/01\/resa-150x150.jpg 150w, http:\/\/www.franstorp.com\/wp-content\/uploads\/2016\/01\/resa-300x300.jpg 300w, http:\/\/www.franstorp.com\/wp-content\/uploads\/2016\/01\/resa-160x160.jpg 160w, http:\/\/www.franstorp.com\/wp-content\/uploads\/2016\/01\/resa-270x270.jpg 270w, http:\/\/www.franstorp.com\/wp-content\/uploads\/2016\/01\/resa-230x230.jpg 230w\" data-sizes=\"(max-width: 350px) 100vw, 350px\" src=\"data:image\/gif;base64,R0lGODlhAQABAAAAACH5BAEKAAEALAAAAAABAAEAAAICTAEAOw==\" style=\"--smush-placeholder-width: 350px; --smush-placeholder-aspect-ratio: 350\/350;\" \/><figcaption id=\"caption-attachment-533\" class=\"wp-caption-text\">En g\u00e5ng om \u00e5ret g\u00f6r vi en utflykt med \u00f6vernattning, bad, dans, karaoke och annat kul.<\/figcaption><\/figure>\n<figure id=\"attachment_549\" aria-describedby=\"caption-attachment-549\" style=\"width: 350px\" class=\"wp-caption alignleft\"><img decoding=\"async\" class=\"wp-image-549 lazyload\" data-src=\"http:\/\/www.franstorp.com\/wp-content\/uploads\/2016\/02\/vk.jpg\" alt=\"Verkstadsklubben\" width=\"350\" height=\"350\" data-srcset=\"http:\/\/www.franstorp.com\/wp-content\/uploads\/2016\/02\/vk.jpg 400w, http:\/\/www.franstorp.com\/wp-content\/uploads\/2016\/02\/vk-150x150.jpg 150w, http:\/\/www.franstorp.com\/wp-content\/uploads\/2016\/02\/vk-300x300.jpg 300w, http:\/\/www.franstorp.com\/wp-content\/uploads\/2016\/02\/vk-160x160.jpg 160w, http:\/\/www.franstorp.com\/wp-content\/uploads\/2016\/02\/vk-270x270.jpg 270w, http:\/\/www.franstorp.com\/wp-content\/uploads\/2016\/02\/vk-230x230.jpg 230w\" data-sizes=\"(max-width: 350px) 100vw, 350px\" src=\"data:image\/gif;base64,R0lGODlhAQABAAAAACH5BAEKAAEALAAAAAABAAEAAAICTAEAOw==\" style=\"--smush-placeholder-width: 350px; --smush-placeholder-aspect-ratio: 350\/350;\" \/><figcaption id=\"caption-attachment-549\" class=\"wp-caption-text\">Verkstadsklubben arbetar f\u00f6r att kunna vara med och \u00e4ndra p\u00e5 saker b\u00e5de p\u00e5 jobbet och ute i samh\u00e4llet. De tr\u00e4ffas varje tisdag.<\/figcaption><\/figure>\n<figure id=\"attachment_994\" aria-describedby=\"caption-attachment-994\" style=\"width: 350px\" class=\"wp-caption alignleft\"><img decoding=\"async\" class=\"wp-image-994 lazyload\" data-src=\"http:\/\/www.franstorp.com\/wp-content\/uploads\/2016\/03\/20140114_0001-2.jpg\" alt=\"Franstorpsm\u00f6te\" width=\"350\" height=\"350\" data-srcset=\"http:\/\/www.franstorp.com\/wp-content\/uploads\/2016\/03\/20140114_0001-2.jpg 400w, http:\/\/www.franstorp.com\/wp-content\/uploads\/2016\/03\/20140114_0001-2-150x150.jpg 150w, http:\/\/www.franstorp.com\/wp-content\/uploads\/2016\/03\/20140114_0001-2-300x300.jpg 300w, http:\/\/www.franstorp.com\/wp-content\/uploads\/2016\/03\/20140114_0001-2-160x160.jpg 160w, http:\/\/www.franstorp.com\/wp-content\/uploads\/2016\/03\/20140114_0001-2-270x270.jpg 270w, http:\/\/www.franstorp.com\/wp-content\/uploads\/2016\/03\/20140114_0001-2-230x230.jpg 230w\" data-sizes=\"(max-width: 350px) 100vw, 350px\" src=\"data:image\/gif;base64,R0lGODlhAQABAAAAACH5BAEKAAEALAAAAAABAAEAAAICTAEAOw==\" style=\"--smush-placeholder-width: 350px; --smush-placeholder-aspect-ratio: 350\/350;\" \/><figcaption id=\"caption-attachment-994\" class=\"wp-caption-text\">En g\u00e5ng i m\u00e5naden \u00e4r det Franstorpsm\u00f6te. D\u00e5 f\u00e5r alla vara med och best\u00e4mma.<\/figcaption><\/figure>\n<figure id=\"attachment_998\" aria-describedby=\"caption-attachment-998\" style=\"width: 350px\" class=\"wp-caption alignleft\"><img decoding=\"async\" class=\"size-full wp-image-998 lazyload\" data-src=\"http:\/\/www.franstorp.com\/wp-content\/uploads\/2016\/03\/20141024_0001.jpg\" alt=\"Utst\u00e4llningar\" width=\"350\" height=\"350\" data-srcset=\"http:\/\/www.franstorp.com\/wp-content\/uploads\/2016\/03\/20141024_0001.jpg 400w, http:\/\/www.franstorp.com\/wp-content\/uploads\/2016\/03\/20141024_0001-150x150.jpg 150w, http:\/\/www.franstorp.com\/wp-content\/uploads\/2016\/03\/20141024_0001-300x300.jpg 300w, http:\/\/www.franstorp.com\/wp-content\/uploads\/2016\/03\/20141024_0001-160x160.jpg 160w, http:\/\/www.franstorp.com\/wp-content\/uploads\/2016\/03\/20141024_0001-270x270.jpg 270w, http:\/\/www.franstorp.com\/wp-content\/uploads\/2016\/03\/20141024_0001-230x230.jpg 230w\" data-sizes=\"(max-width: 350px) 100vw, 350px\" src=\"data:image\/gif;base64,R0lGODlhAQABAAAAACH5BAEKAAEALAAAAAABAAEAAAICTAEAOw==\" style=\"--smush-placeholder-width: 350px; --smush-placeholder-aspect-ratio: 350\/350;\" \/><figcaption id=\"caption-attachment-998\" class=\"wp-caption-text\">Vi g\u00f6r egna utst\u00e4llningar och bes\u00f6ker ofta andras.<\/figcaption><\/figure>\n","protected":false},"excerpt":{"rendered":"<p>Ut\u00f6ver arbetet i de fem grupperna s\u00e5 g\u00f6r vi en massa annat.<\/p>\n","protected":false},"author":1,"featured_media":0,"parent":0,"menu_order":0,"comment_status":"closed","ping_status":"closed","template":"","meta":{"ngg_post_thumbnail":0,"footnotes":""},"class_list":["post-524","page","type-page","status-publish","hentry"],"_links":{"self":[{"href":"http:\/\/www.franstorp.com\/index.php?rest_route=\/wp\/v2\/pages\/524","targetHints":{"allow":["GET"]}}],"collection":[{"href":"http:\/\/www.franstorp.com\/index.php?rest_route=\/wp\/v2\/pages"}],"about":[{"href":"http:\/\/www.franstorp.com\/index.php?rest_route=\/wp\/v2\/types\/page"}],"author":[{"embeddable":true,"href":"http:\/\/www.franstorp.com\/index.php?rest_route=\/wp\/v2\/users\/1"}],"replies":[{"embeddable":true,"href":"http:\/\/www.franstorp.com\/index.php?rest_route=%2Fwp%2Fv2%2Fcomments&post=524"}],"version-history":[{"count":26,"href":"http:\/\/www.franstorp.com\/index.php?rest_route=\/wp\/v2\/pages\/524\/revisions"}],"predecessor-version":[{"id":3128,"href":"http:\/\/www.franstorp.com\/index.php?rest_route=\/wp\/v2\/pages\/524\/revisions\/3128"}],"wp:attachment":[{"href":"http:\/\/www.franstorp.com\/index.php?rest_route=%2Fwp%2Fv2%2Fmedia&parent=524"}],"curies":[{"name":"wp","href":"https:\/\/api.w.org\/{rel}","templated":true}]}}