{"id":31,"date":"2015-12-08T14:09:26","date_gmt":"2015-12-08T13:09:26","guid":{"rendered":"http:\/\/franstorp.com\/?page_id=31"},"modified":"2026-04-16T13:48:22","modified_gmt":"2026-04-16T11:48:22","slug":"snicken","status":"publish","type":"page","link":"http:\/\/www.franstorp.com\/?page_id=31","title":{"rendered":"Snicken"},"content":{"rendered":"<p><a href=\"http:\/\/www.franstorp.com\/wp-content\/uploads\/2026\/04\/S.jpg\"><img fetchpriority=\"high\" decoding=\"async\" class=\"alignleft size-full wp-image-3125\" src=\"http:\/\/www.franstorp.com\/wp-content\/uploads\/2026\/04\/S.jpg\" alt=\"\" width=\"800\" height=\"782\" srcset=\"http:\/\/www.franstorp.com\/wp-content\/uploads\/2026\/04\/S.jpg 800w, http:\/\/www.franstorp.com\/wp-content\/uploads\/2026\/04\/S-300x293.jpg 300w, http:\/\/www.franstorp.com\/wp-content\/uploads\/2026\/04\/S-768x751.jpg 768w\" sizes=\"(max-width: 800px) 100vw, 800px\" \/><\/a>I Snicken bygger vi m\u00f6bler: sk\u00e5p, stolar, bord, hyllor med mera.<br \/>\nVi \u00e5ker och k\u00f6per virke minst en g\u00e5ng om \u00e5ret och v\u00e4ljer det vi beh\u00f6ver.<\/p>\n<p>V\u00e5ra m\u00f6bler ritar och bygger vi sj\u00e4lva, ofta med gamla bepr\u00f6vade metoder.<br \/>\nMan f\u00e5r hj\u00e4lp av personalen med de moment som man inte klarar av.<\/p>\n<p>Ibland hj\u00e4lps vi \u00e5t att bygga st\u00f6rre saker.<br \/>\nDet kan vara i samarbete med andra konsthantverkare, till exempel inf\u00f6r en utst\u00e4llning.<br \/>\nAndra g\u00e5nger jobbar man med en egen m\u00f6bel.<\/p>\n<p><p>inga bilder hittades<\/p><\/p>\n","protected":false},"excerpt":{"rendered":"<p>I Snicken bygger vi m\u00f6bler: sk\u00e5p, stolar, bord, hyllor med mera. Vi \u00e5ker och k\u00f6per virke minst en g\u00e5ng om \u00e5ret och v\u00e4ljer det vi beh\u00f6ver. V\u00e5ra m\u00f6bler ritar och<\/p>\n","protected":false},"author":1,"featured_media":0,"parent":0,"menu_order":0,"comment_status":"closed","ping_status":"closed","template":"","meta":{"ngg_post_thumbnail":0,"footnotes":""},"class_list":["post-31","page","type-page","status-publish","hentry"],"_links":{"self":[{"href":"http:\/\/www.franstorp.com\/index.php?rest_route=\/wp\/v2\/pages\/31","targetHints":{"allow":["GET"]}}],"collection":[{"href":"http:\/\/www.franstorp.com\/index.php?rest_route=\/wp\/v2\/pages"}],"about":[{"href":"http:\/\/www.franstorp.com\/index.php?rest_route=\/wp\/v2\/types\/page"}],"author":[{"embeddable":true,"href":"http:\/\/www.franstorp.com\/index.php?rest_route=\/wp\/v2\/users\/1"}],"replies":[{"embeddable":true,"href":"http:\/\/www.franstorp.com\/index.php?rest_route=%2Fwp%2Fv2%2Fcomments&post=31"}],"version-history":[{"count":8,"href":"http:\/\/www.franstorp.com\/index.php?rest_route=\/wp\/v2\/pages\/31\/revisions"}],"predecessor-version":[{"id":3127,"href":"http:\/\/www.franstorp.com\/index.php?rest_route=\/wp\/v2\/pages\/31\/revisions\/3127"}],"wp:attachment":[{"href":"http:\/\/www.franstorp.com\/index.php?rest_route=%2Fwp%2Fv2%2Fmedia&parent=31"}],"curies":[{"name":"wp","href":"https:\/\/api.w.org\/{rel}","templated":true}]}}