{"id":25,"date":"2015-12-08T14:08:57","date_gmt":"2015-12-08T13:08:57","guid":{"rendered":"http:\/\/franstorp.com\/?page_id=25"},"modified":"2026-04-16T13:27:05","modified_gmt":"2026-04-16T11:27:05","slug":"laderverkstan","status":"publish","type":"page","link":"http:\/\/www.franstorp.com\/?page_id=25","title":{"rendered":"Grafik och L\u00e4der"},"content":{"rendered":"<p><a href=\"http:\/\/www.franstorp.com\/wp-content\/uploads\/2026\/04\/gl.jpg\"><img fetchpriority=\"high\" decoding=\"async\" class=\"alignleft size-full wp-image-3117\" src=\"http:\/\/www.franstorp.com\/wp-content\/uploads\/2026\/04\/gl.jpg\" alt=\"\" width=\"800\" height=\"800\" srcset=\"http:\/\/www.franstorp.com\/wp-content\/uploads\/2026\/04\/gl.jpg 800w, http:\/\/www.franstorp.com\/wp-content\/uploads\/2026\/04\/gl-300x300.jpg 300w, http:\/\/www.franstorp.com\/wp-content\/uploads\/2026\/04\/gl-150x150.jpg 150w, http:\/\/www.franstorp.com\/wp-content\/uploads\/2026\/04\/gl-768x768.jpg 768w, http:\/\/www.franstorp.com\/wp-content\/uploads\/2026\/04\/gl-270x270.jpg 270w, http:\/\/www.franstorp.com\/wp-content\/uploads\/2026\/04\/gl-230x230.jpg 230w, http:\/\/www.franstorp.com\/wp-content\/uploads\/2026\/04\/gl-500x500.jpg 500w\" sizes=\"(max-width: 800px) 100vw, 800px\" \/><\/a>I den h\u00e4r verkstan arbetar vi b\u00e5de med grafik och l\u00e4der.<\/p>\n<p>Vi skapar olika saker av l\u00e4der och skinn, som till exempel v\u00e4skor, sk\u00e4rp, pl\u00e5nb\u00f6cker, armband och andra saker.<br \/>\nVi \u00e5ker tillsammans och handlar v\u00e5rt l\u00e4der fr\u00e5n ett garveri i T\u00e4rnsj\u00f6.<br \/>\nF\u00f6rutom l\u00e4der arbetar vi \u00e4ven med andra material.<br \/>\nI verkstan finns en tryckpress. Vi arbetar med grafik i olika former.<\/p>\n<p>Vi provar ocks\u00e5 p\u00e5 andra s\u00e4tt att utrycka oss konstn\u00e4rligt, som m\u00e5leri, papier mach\u00e9 m.m.<br \/>\nDet vi g\u00f6r st\u00e4ller vi ut och visar f\u00f6r v\u00e5ra v\u00e4nner och bekanta.<\/p>\n<p>Vi bes\u00f6ker \u00e4ven konstutst\u00e4llningar f\u00f6r att f\u00e5 id\u00e9er.<\/p>\n","protected":false},"excerpt":{"rendered":"<p>I den h\u00e4r verkstan arbetar vi b\u00e5de med grafik och l\u00e4der. Vi skapar olika saker av l\u00e4der och skinn, som till exempel v\u00e4skor, sk\u00e4rp, pl\u00e5nb\u00f6cker, armband och andra saker. Vi<\/p>\n","protected":false},"author":1,"featured_media":0,"parent":0,"menu_order":0,"comment_status":"closed","ping_status":"closed","template":"","meta":{"ngg_post_thumbnail":0,"footnotes":""},"class_list":["post-25","page","type-page","status-publish","hentry"],"_links":{"self":[{"href":"http:\/\/www.franstorp.com\/index.php?rest_route=\/wp\/v2\/pages\/25","targetHints":{"allow":["GET"]}}],"collection":[{"href":"http:\/\/www.franstorp.com\/index.php?rest_route=\/wp\/v2\/pages"}],"about":[{"href":"http:\/\/www.franstorp.com\/index.php?rest_route=\/wp\/v2\/types\/page"}],"author":[{"embeddable":true,"href":"http:\/\/www.franstorp.com\/index.php?rest_route=\/wp\/v2\/users\/1"}],"replies":[{"embeddable":true,"href":"http:\/\/www.franstorp.com\/index.php?rest_route=%2Fwp%2Fv2%2Fcomments&post=25"}],"version-history":[{"count":19,"href":"http:\/\/www.franstorp.com\/index.php?rest_route=\/wp\/v2\/pages\/25\/revisions"}],"predecessor-version":[{"id":3119,"href":"http:\/\/www.franstorp.com\/index.php?rest_route=\/wp\/v2\/pages\/25\/revisions\/3119"}],"wp:attachment":[{"href":"http:\/\/www.franstorp.com\/index.php?rest_route=%2Fwp%2Fv2%2Fmedia&parent=25"}],"curies":[{"name":"wp","href":"https:\/\/api.w.org\/{rel}","templated":true}]}}