{"id":20,"date":"2015-12-08T14:07:48","date_gmt":"2015-12-08T13:07:48","guid":{"rendered":"http:\/\/franstorp.com\/?page_id=20"},"modified":"2026-04-16T13:15:56","modified_gmt":"2026-04-16T11:15:56","slug":"bild-och-form","status":"publish","type":"page","link":"http:\/\/www.franstorp.com\/?page_id=20","title":{"rendered":"Bild och form"},"content":{"rendered":"<p><a href=\"http:\/\/www.franstorp.com\/wp-content\/uploads\/2026\/04\/bf.jpg\"><img fetchpriority=\"high\" decoding=\"async\" class=\"alignleft wp-image-3112 size-full\" src=\"http:\/\/www.franstorp.com\/wp-content\/uploads\/2026\/04\/bf.jpg\" alt=\"\" width=\"800\" height=\"800\" srcset=\"http:\/\/www.franstorp.com\/wp-content\/uploads\/2026\/04\/bf.jpg 800w, http:\/\/www.franstorp.com\/wp-content\/uploads\/2026\/04\/bf-300x300.jpg 300w, http:\/\/www.franstorp.com\/wp-content\/uploads\/2026\/04\/bf-150x150.jpg 150w, http:\/\/www.franstorp.com\/wp-content\/uploads\/2026\/04\/bf-768x768.jpg 768w, http:\/\/www.franstorp.com\/wp-content\/uploads\/2026\/04\/bf-270x270.jpg 270w, http:\/\/www.franstorp.com\/wp-content\/uploads\/2026\/04\/bf-230x230.jpg 230w, http:\/\/www.franstorp.com\/wp-content\/uploads\/2026\/04\/bf-500x500.jpg 500w\" sizes=\"(max-width: 800px) 100vw, 800px\" \/><\/a>I Bild- och formgruppen arbetar vi med m\u00e5leri, teckning, textil, glas och olika konsthantverk.<\/p>\n<p>Vi jobbar b\u00e5de med enskilda arbeten och gemensamma projekt.<br \/>\nAlla konstn\u00e4rer har en egen plats vid ett stort gemensamt bord.<br \/>\nAlla jobbar utifr\u00e5n sin egen f\u00f6rm\u00e5ga.<br \/>\nF\u00f6r att f\u00e5 id\u00e9er g\u00e5r vi p\u00e5 utst\u00e4llningar och museer eller tittar i b\u00f6cker och tidningar.<\/p>\n","protected":false},"excerpt":{"rendered":"<p>I Bild- och formgruppen arbetar vi med m\u00e5leri, teckning, textil, glas och olika konsthantverk. Vi jobbar b\u00e5de med enskilda arbeten och gemensamma projekt. Alla konstn\u00e4rer har en egen plats vid<\/p>\n","protected":false},"author":1,"featured_media":0,"parent":0,"menu_order":0,"comment_status":"closed","ping_status":"closed","template":"","meta":{"ngg_post_thumbnail":0,"footnotes":""},"class_list":["post-20","page","type-page","status-publish","hentry"],"_links":{"self":[{"href":"http:\/\/www.franstorp.com\/index.php?rest_route=\/wp\/v2\/pages\/20","targetHints":{"allow":["GET"]}}],"collection":[{"href":"http:\/\/www.franstorp.com\/index.php?rest_route=\/wp\/v2\/pages"}],"about":[{"href":"http:\/\/www.franstorp.com\/index.php?rest_route=\/wp\/v2\/types\/page"}],"author":[{"embeddable":true,"href":"http:\/\/www.franstorp.com\/index.php?rest_route=\/wp\/v2\/users\/1"}],"replies":[{"embeddable":true,"href":"http:\/\/www.franstorp.com\/index.php?rest_route=%2Fwp%2Fv2%2Fcomments&post=20"}],"version-history":[{"count":17,"href":"http:\/\/www.franstorp.com\/index.php?rest_route=\/wp\/v2\/pages\/20\/revisions"}],"predecessor-version":[{"id":3115,"href":"http:\/\/www.franstorp.com\/index.php?rest_route=\/wp\/v2\/pages\/20\/revisions\/3115"}],"wp:attachment":[{"href":"http:\/\/www.franstorp.com\/index.php?rest_route=%2Fwp%2Fv2%2Fmedia&parent=20"}],"curies":[{"name":"wp","href":"https:\/\/api.w.org\/{rel}","templated":true}]}}