{"id":17,"date":"2015-12-08T14:05:33","date_gmt":"2015-12-08T13:05:33","guid":{"rendered":"http:\/\/franstorp.com\/?page_id=17"},"modified":"2025-05-09T13:09:02","modified_gmt":"2025-05-09T11:09:02","slug":"var-verksamhet","status":"publish","type":"page","link":"http:\/\/www.franstorp.com\/?page_id=17","title":{"rendered":"V\u00e5r verksamhet"},"content":{"rendered":"<h4>Verksamhetsid\u00e9<\/h4>\n<ul style=\"list-style-type: disc;\">\n<li>P\u00e5 Franstorps Verkst\u00e4der prioriterar vi att kunna arbeta i ett lugnt tempo.<\/li>\n<li>Det ska finnas tid att f\u00f6rdjupa sig i sitt arbete.<\/li>\n<li>Var och en ska f\u00e5 en identitet som en person som kan och som \u00e4r v\u00e4rd att lyssna p\u00e5.<\/li>\n<li>Alla ska ha m\u00f6jlighet att utvecklas, att ta ansvar och att k\u00e4nna arbetsgl\u00e4dje.<\/li>\n<li>Alla har r\u00e4tt att bli bem\u00f6tta med respekt och tagen p\u00e5 allvar samt k\u00e4nna samh\u00f6righet.<\/li>\n<li>Alla ska ha m\u00f6jlighet att uttrycka sig och att k\u00e4nna en stolthet \u00f6ver sitt arbete.<\/li>\n<\/ul>\n<h4>V\u00e5ra k\u00e4rnv\u00e4rden<\/h4>\n<ul style=\"list-style-type: disc;\">\n<li>Alla m\u00e4nniskors lika v\u00e4rde.<\/li>\n<li>\u00d6msesidigt l\u00e4rande och utveckling.<\/li>\n<li>Arbetsgl\u00e4dje och kamratskap.<\/li>\n<li>Tid att f\u00f6rdjupa sig i ett hantverk utan stress.<\/li>\n<li>Vi \u00e4r en verksamhet som \u00e4r icke vinstdrivande.<\/li>\n<\/ul>\n<div id=\"trustindex-feed-container-9369e3592583ba9\"><\/div>\n","protected":false},"excerpt":{"rendered":"<p>Verksamhetsid\u00e9 P\u00e5 Franstorps Verkst\u00e4der prioriterar vi att kunna arbeta i ett lugnt tempo. Det ska finnas tid att f\u00f6rdjupa sig i sitt arbete. Var och en ska f\u00e5 en identitet<\/p>\n","protected":false},"author":1,"featured_media":69,"parent":0,"menu_order":0,"comment_status":"closed","ping_status":"closed","template":"","meta":{"ngg_post_thumbnail":0,"footnotes":""},"class_list":["post-17","page","type-page","status-publish","has-post-thumbnail","hentry"],"_links":{"self":[{"href":"http:\/\/www.franstorp.com\/index.php?rest_route=\/wp\/v2\/pages\/17","targetHints":{"allow":["GET"]}}],"collection":[{"href":"http:\/\/www.franstorp.com\/index.php?rest_route=\/wp\/v2\/pages"}],"about":[{"href":"http:\/\/www.franstorp.com\/index.php?rest_route=\/wp\/v2\/types\/page"}],"author":[{"embeddable":true,"href":"http:\/\/www.franstorp.com\/index.php?rest_route=\/wp\/v2\/users\/1"}],"replies":[{"embeddable":true,"href":"http:\/\/www.franstorp.com\/index.php?rest_route=%2Fwp%2Fv2%2Fcomments&post=17"}],"version-history":[{"count":7,"href":"http:\/\/www.franstorp.com\/index.php?rest_route=\/wp\/v2\/pages\/17\/revisions"}],"predecessor-version":[{"id":2945,"href":"http:\/\/www.franstorp.com\/index.php?rest_route=\/wp\/v2\/pages\/17\/revisions\/2945"}],"wp:featuredmedia":[{"embeddable":true,"href":"http:\/\/www.franstorp.com\/index.php?rest_route=\/wp\/v2\/media\/69"}],"wp:attachment":[{"href":"http:\/\/www.franstorp.com\/index.php?rest_route=%2Fwp%2Fv2%2Fmedia&parent=17"}],"curies":[{"name":"wp","href":"https:\/\/api.w.org\/{rel}","templated":true}]}}